{"id":129,"date":"2025-06-17T08:24:08","date_gmt":"2025-06-17T08:24:08","guid":{"rendered":"https:\/\/solaria-choeur.be\/?page_id=129"},"modified":"2025-06-20T11:52:55","modified_gmt":"2025-06-20T11:52:55","slug":"contact","status":"publish","type":"page","link":"https:\/\/solaria-choeur.be\/index.php\/contact\/","title":{"rendered":"Contact"},"content":{"rendered":"<p>[et_pb_section fb_built=\u00a0\u00bb1&Prime; admin_label=\u00a0\u00bbHeader\u00a0\u00bb _builder_version=\u00a0\u00bb4.16&Prime; _module_preset=\u00a0\u00bbdefault\u00a0\u00bb use_background_color_gradient=\u00a0\u00bbon\u00a0\u00bb background_color_gradient_stops=\u00a0\u00bb#f24537 0%|#fb6a44 19%|#fb864c 60%|#ffcf4c 100%\u00a0\u00bb locked=\u00a0\u00bboff\u00a0\u00bb global_colors_info=\u00a0\u00bb{%22gcid-abdd1dfe-115d-40b5-9c1d-c1c9635de504%22:%91%93,%22gcid-3f47e762-ddb9-4bcc-9a88-eb1cda6175db%22:%91%93}\u00a0\u00bb][et_pb_row _builder_version=\u00a0\u00bb4.16&Prime; _module_preset=\u00a0\u00bbdefault\u00a0\u00bb z_index=\u00a0\u00bb10&Prime; max_width=\u00a0\u00bb900px\u00a0\u00bb global_colors_info=\u00a0\u00bb{}\u00a0\u00bb][et_pb_column type=\u00a0\u00bb4_4&Prime; _builder_version=\u00a0\u00bb4.16&Prime; _module_preset=\u00a0\u00bbdefault\u00a0\u00bb global_colors_info=\u00a0\u00bb{}\u00a0\u00bb][et_pb_text _builder_version=\u00a0\u00bb4.27.4&Prime; _module_preset=\u00a0\u00bbd31e2bc2-7099-47ba-9c37-1cdc94e70270&Prime; header_font=\u00a0\u00bbPrata||||||||\u00a0\u00bb header_text_color=\u00a0\u00bb#FFFFFF\u00a0\u00bb header_line_height=\u00a0\u00bb1.1em\u00a0\u00bb z_index=\u00a0\u00bb1&Prime; max_width=\u00a0\u00bb9580px\u00a0\u00bb header_line_height_tablet=\u00a0\u00bb1.2em\u00a0\u00bb header_line_height_phone=\u00a0\u00bb1.3em\u00a0\u00bb header_line_height_last_edited=\u00a0\u00bbon|desktop\u00a0\u00bb locked=\u00a0\u00bboff\u00a0\u00bb global_colors_info=\u00a0\u00bb{}\u00a0\u00bb]<\/p>\n<h1>Contactez nous<\/h1>\n<p>[\/et_pb_text][\/et_pb_column][\/et_pb_row][et_pb_row column_structure=\u00a0\u00bb1_2,1_2&Prime; _builder_version=\u00a0\u00bb4.16&Prime; _module_preset=\u00a0\u00bbdefault\u00a0\u00bb max_width=\u00a0\u00bb700px\u00a0\u00bb global_colors_info=\u00a0\u00bb{}\u00a0\u00bb][et_pb_column type=\u00a0\u00bb1_2&Prime; _builder_version=\u00a0\u00bb4.16&Prime; _module_preset=\u00a0\u00bbdefault\u00a0\u00bb global_colors_info=\u00a0\u00bb{}\u00a0\u00bb][\/et_pb_column][et_pb_column type=\u00a0\u00bb1_2&Prime; _builder_version=\u00a0\u00bb4.16&Prime; _module_preset=\u00a0\u00bbdefault\u00a0\u00bb global_colors_info=\u00a0\u00bb{}\u00a0\u00bb][et_pb_blurb use_icon=\u00a0\u00bbon\u00a0\u00bb font_icon=\u00a0\u00bb&#xe076;||divi||400&Prime; icon_color=\u00a0\u00bb#533C76&Prime; icon_placement=\u00a0\u00bbleft\u00a0\u00bb image_icon_width=\u00a0\u00bb16px\u00a0\u00bb content_max_width=\u00a0\u00bb100%\u00a0\u00bb _builder_version=\u00a0\u00bb4.27.4&Prime; _module_preset=\u00a0\u00bbdefault\u00a0\u00bb body_font=\u00a0\u00bbPrata||||||||\u00a0\u00bb body_text_align=\u00a0\u00bbleft\u00a0\u00bb body_font_size=\u00a0\u00bb18px\u00a0\u00bb body_line_height=\u00a0\u00bb1em\u00a0\u00bb body_link_text_color=\u00a0\u00bb#FFFFFF\u00a0\u00bb background_layout=\u00a0\u00bbdark\u00a0\u00bb animation=\u00a0\u00bboff\u00a0\u00bb body_font_size_tablet=\u00a0\u00bb18px\u00a0\u00bb body_font_size_phone=\u00a0\u00bb18px\u00a0\u00bb body_font_size_last_edited=\u00a0\u00bbon|phone\u00a0\u00bb icon_font_size=\u00a0\u00bb16px\u00a0\u00bb global_colors_info=\u00a0\u00bb{}\u00a0\u00bb]<\/p>\n<p><a href=\"mailto:info@solaria-choeur.be\" target=\"_blank\" rel=\"noopener\">info@solaria-choeur.be<\/a><\/p>\n<p>[\/et_pb_blurb][et_pb_blurb title=\u00a0\u00bbMadeline\u00a0\u00bb use_icon=\u00a0\u00bbon\u00a0\u00bb font_icon=\u00a0\u00bb&#xe090;||divi||400&Prime; icon_color=\u00a0\u00bb#533C76&Prime; icon_placement=\u00a0\u00bbleft\u00a0\u00bb image_icon_width=\u00a0\u00bb16px\u00a0\u00bb content_max_width=\u00a0\u00bb100%\u00a0\u00bb _builder_version=\u00a0\u00bb4.27.4&Prime; _module_preset=\u00a0\u00bbdefault\u00a0\u00bb header_text_color=\u00a0\u00bb#FFFFFF\u00a0\u00bb body_font=\u00a0\u00bbPrata||||||||\u00a0\u00bb body_text_align=\u00a0\u00bbleft\u00a0\u00bb body_text_color=\u00a0\u00bb#FFFFFF\u00a0\u00bb body_font_size=\u00a0\u00bb18px\u00a0\u00bb body_line_height=\u00a0\u00bb1em\u00a0\u00bb body_link_font=\u00a0\u00bb||||on|||#FFFFFF|\u00a0\u00bb body_link_text_color=\u00a0\u00bb#FFFFFF\u00a0\u00bb background_layout=\u00a0\u00bbdark\u00a0\u00bb animation=\u00a0\u00bboff\u00a0\u00bb body_font_size_tablet=\u00a0\u00bb18px\u00a0\u00bb body_font_size_phone=\u00a0\u00bb18px\u00a0\u00bb body_font_size_last_edited=\u00a0\u00bbon|phone\u00a0\u00bb icon_font_size=\u00a0\u00bb16px\u00a0\u00bb locked=\u00a0\u00bboff\u00a0\u00bb global_colors_info=\u00a0\u00bb{}\u00a0\u00bb]<\/p>\n<p><a href=\"tel:0032472485505\" target=\"_blank\" rel=\"noopener\">0472\/48.55.05<\/a><\/p>\n<p>[\/et_pb_blurb][et_pb_blurb title=\u00a0\u00bbMagali\u00a0\u00bb use_icon=\u00a0\u00bbon\u00a0\u00bb font_icon=\u00a0\u00bb&#xe090;||divi||400&Prime; icon_color=\u00a0\u00bb#533C76&Prime; icon_placement=\u00a0\u00bbleft\u00a0\u00bb image_icon_width=\u00a0\u00bb16px\u00a0\u00bb content_max_width=\u00a0\u00bb100%\u00a0\u00bb _builder_version=\u00a0\u00bb4.27.4&Prime; _module_preset=\u00a0\u00bbdefault\u00a0\u00bb header_text_color=\u00a0\u00bb#FFFFFF\u00a0\u00bb body_font=\u00a0\u00bbPrata||||||||\u00a0\u00bb body_text_align=\u00a0\u00bbleft\u00a0\u00bb body_text_color=\u00a0\u00bb#FFFFFF\u00a0\u00bb body_font_size=\u00a0\u00bb18px\u00a0\u00bb body_line_height=\u00a0\u00bb1em\u00a0\u00bb body_link_font=\u00a0\u00bb||||on|||#FFFFFF|\u00a0\u00bb body_link_text_color=\u00a0\u00bb#FFFFFF\u00a0\u00bb background_layout=\u00a0\u00bbdark\u00a0\u00bb animation=\u00a0\u00bboff\u00a0\u00bb body_font_size_tablet=\u00a0\u00bb18px\u00a0\u00bb body_font_size_phone=\u00a0\u00bb18px\u00a0\u00bb body_font_size_last_edited=\u00a0\u00bbon|phone\u00a0\u00bb icon_font_size=\u00a0\u00bb16px\u00a0\u00bb locked=\u00a0\u00bboff\u00a0\u00bb global_colors_info=\u00a0\u00bb{}\u00a0\u00bb]<\/p>\n<p><a href=\"tel:0032477186074\" target=\"_blank\" rel=\"noopener\">0477\/18.60.74<\/a><\/p>\n<p>[\/et_pb_blurb][\/et_pb_column][\/et_pb_row][\/et_pb_section][et_pb_section fb_built=\u00a0\u00bb1&Prime; admin_label=\u00a0\u00bbContact\u00a0\u00bb _builder_version=\u00a0\u00bb4.27.4&Prime; _module_preset=\u00a0\u00bbdefault\u00a0\u00bb background_enable_color=\u00a0\u00bboff\u00a0\u00bb background_image=\u00a0\u00bbhttps:\/\/solaria-choeur.be\/wp-content\/uploads\/2025\/06\/4-1.webp\u00a0\u00bb background_size=\u00a0\u00bbcontain\u00a0\u00bb background_position=\u00a0\u00bbbottom_right\u00a0\u00bb custom_padding=\u00a0\u00bb||120px|||\u00a0\u00bb global_colors_info=\u00a0\u00bb{%22gcid-abdd1dfe-115d-40b5-9c1d-c1c9635de504%22:%91%93}\u00a0\u00bb][et_pb_row _builder_version=\u00a0\u00bb4.16&Prime; _module_preset=\u00a0\u00bbdefault\u00a0\u00bb max_width=\u00a0\u00bb700px\u00a0\u00bb global_colors_info=\u00a0\u00bb{}\u00a0\u00bb][et_pb_column type=\u00a0\u00bb4_4&Prime; _builder_version=\u00a0\u00bb4.16&Prime; _module_preset=\u00a0\u00bbdefault\u00a0\u00bb global_colors_info=\u00a0\u00bb{}\u00a0\u00bb][et_pb_text _builder_version=\u00a0\u00bb4.27.4&Prime; _module_preset=\u00a0\u00bb90865f4d-2cce-42a7-b40e-d3fbad25605a\u00a0\u00bb header_2_line_height=\u00a0\u00bb1.4em\u00a0\u00bb header_3_font_size=\u00a0\u00bb25px\u00a0\u00bb max_width=\u00a0\u00bb700px\u00a0\u00bb module_alignment=\u00a0\u00bbcenter\u00a0\u00bb saved_tabs=\u00a0\u00bball\u00a0\u00bb global_colors_info=\u00a0\u00bb{%22gcid-3f47e762-ddb9-4bcc-9a88-eb1cda6175db%22:%91%93}\u00a0\u00bb]<\/p>\n<h2>Une question ? Une envie ? Une sc\u00e8ne \u00e0 partager ?<\/h2>\n<p>[\/et_pb_text][et_pb_text _builder_version=\u00a0\u00bb4.27.4&Prime; _module_preset=\u00a0\u00bbda86b6f0-f83c-4c7c-bdd8-3019777ddffe\u00a0\u00bb header_2_line_height=\u00a0\u00bb1.4em\u00a0\u00bb header_3_font_size=\u00a0\u00bb25px\u00a0\u00bb max_width=\u00a0\u00bb700px\u00a0\u00bb module_alignment=\u00a0\u00bbcenter\u00a0\u00bb global_colors_info=\u00a0\u00bb{%22gcid-3f47e762-ddb9-4bcc-9a88-eb1cda6175db%22:%91%93}\u00a0\u00bb]<\/p>\n<p data-start=\"184\" data-end=\"344\">Que tu souhaites <strong data-start=\"201\" data-end=\"223\">rejoindre le ch\u0153ur<\/strong>, obtenir <strong data-start=\"233\" data-end=\"256\">plus d\u2019informations<\/strong>, ou <strong data-start=\"261\" data-end=\"310\">inviter Solaria \u00e0 chanter lors d\u2019un \u00e9v\u00e9nement<\/strong>, nous serons ravies de te lire.<\/p>\n<p data-start=\"346\" data-end=\"446\">&#8211; Parle-nous de ton projet, de ta salle, de ton id\u00e9e ou simplement de ton envie d\u2019en savoir plus.<\/p>\n<p data-start=\"448\" data-end=\"584\">&#8211; Remplis le formulaire ci-dessous ou \u00e9cris-nous directement :<br data-start=\"511\" data-end=\"514\" \/><strong data-start=\"514\" data-end=\"584\">nous te r\u00e9pondrons avec enthousiasme et (un peu de) contre-chant !<\/strong><\/p>\n<p>[\/et_pb_text][et_pb_contact_form captcha=\u00a0\u00bboff\u00a0\u00bb _builder_version=\u00a0\u00bb4.27.4&Prime; _module_preset=\u00a0\u00bbdefault\u00a0\u00bb form_field_background_color=\u00a0\u00bbRGBA(0,0,0,0)\u00a0\u00bb form_field_custom_padding=\u00a0\u00bb|0px||0px|false|true\u00a0\u00bb title_font=\u00a0\u00bbPrata||||||||\u00a0\u00bb form_field_font=\u00a0\u00bbPrata||||||||\u00a0\u00bb form_field_font_size=\u00a0\u00bb16px\u00a0\u00bb form_field_line_height=\u00a0\u00bb1.8em\u00a0\u00bb custom_button=\u00a0\u00bbon\u00a0\u00bb button_text_size=\u00a0\u00bb17px\u00a0\u00bb button_text_color=\u00a0\u00bb#FFFFFF\u00a0\u00bb button_bg_color=\u00a0\u00bb#FE753D\u00a0\u00bb button_border_width=\u00a0\u00bb0px\u00a0\u00bb button_border_radius=\u00a0\u00bb0px\u00a0\u00bb button_letter_spacing=\u00a0\u00bb2px\u00a0\u00bb button_font=\u00a0\u00bbPrata|||on|||||\u00a0\u00bb button_custom_margin=\u00a0\u00bb20px||||false|false\u00a0\u00bb button_custom_padding=\u00a0\u00bb16px|24px|16px|24px|true|true\u00a0\u00bb module_alignment=\u00a0\u00bbcenter\u00a0\u00bb hover_enabled=\u00a0\u00bb0&Prime; border_color_all=\u00a0\u00bbrgba(20,20,20,0.3)\u00a0\u00bb border_width_bottom=\u00a0\u00bb1px\u00a0\u00bb locked=\u00a0\u00bboff\u00a0\u00bb global_colors_info=\u00a0\u00bb{%22gcid-9452e02f-d11f-42fc-a9f8-16803f93b5d0%22:%91%93,%22gcid-3f47e762-ddb9-4bcc-9a88-eb1cda6175db%22:%91%93}\u00a0\u00bb custom_message=\u00a0\u00bbNouveau message du site de solaria :||et_pb_line_break_holder||||et_pb_line_break_holder||Nom :  %%name%%||et_pb_line_break_holder||||et_pb_line_break_holder||Email :  %%email%%||et_pb_line_break_holder||||et_pb_line_break_holder||Message :  %%message%%\u00a0\u00bb email=\u00a0\u00bbinfo@solaria-choeur.be\u00a0\u00bb success_message=\u00a0\u00bbMerci pour votre message, veuillez \u00eatre indulgent dans le d\u00e9lai de r\u00e9ponse\u00a0\u00bb sticky_enabled=\u00a0\u00bb0&Prime;][et_pb_contact_field field_id=\u00a0\u00bbName\u00a0\u00bb field_title=\u00a0\u00bbNom et pr\u00e9nom\u00a0\u00bb fullwidth_field=\u00a0\u00bbon\u00a0\u00bb _builder_version=\u00a0\u00bb4.27.4&Prime; global_colors_info=\u00a0\u00bb{}\u00a0\u00bb button_text_size__hover_enabled=\u00a0\u00bboff\u00a0\u00bb button_one_text_size__hover_enabled=\u00a0\u00bboff\u00a0\u00bb button_two_text_size__hover_enabled=\u00a0\u00bboff\u00a0\u00bb button_text_color__hover_enabled=\u00a0\u00bboff\u00a0\u00bb button_one_text_color__hover_enabled=\u00a0\u00bboff\u00a0\u00bb button_two_text_color__hover_enabled=\u00a0\u00bboff\u00a0\u00bb button_border_width__hover_enabled=\u00a0\u00bboff\u00a0\u00bb button_one_border_width__hover_enabled=\u00a0\u00bboff\u00a0\u00bb button_two_border_width__hover_enabled=\u00a0\u00bboff\u00a0\u00bb button_border_color__hover_enabled=\u00a0\u00bboff\u00a0\u00bb button_one_border_color__hover_enabled=\u00a0\u00bboff\u00a0\u00bb button_two_border_color__hover_enabled=\u00a0\u00bboff\u00a0\u00bb button_border_radius__hover_enabled=\u00a0\u00bboff\u00a0\u00bb button_one_border_radius__hover_enabled=\u00a0\u00bboff\u00a0\u00bb button_two_border_radius__hover_enabled=\u00a0\u00bboff\u00a0\u00bb button_letter_spacing__hover_enabled=\u00a0\u00bboff\u00a0\u00bb button_one_letter_spacing__hover_enabled=\u00a0\u00bboff\u00a0\u00bb button_two_letter_spacing__hover_enabled=\u00a0\u00bboff\u00a0\u00bb button_bg_color__hover_enabled=\u00a0\u00bboff\u00a0\u00bb button_one_bg_color__hover_enabled=\u00a0\u00bboff\u00a0\u00bb button_two_bg_color__hover_enabled=\u00a0\u00bboff\u00a0\u00bb][\/et_pb_contact_field][et_pb_contact_field field_id=\u00a0\u00bbEmail\u00a0\u00bb field_title=\u00a0\u00bbEmail \u00a0\u00bb field_type=\u00a0\u00bbemail\u00a0\u00bb fullwidth_field=\u00a0\u00bbon\u00a0\u00bb _builder_version=\u00a0\u00bb4.27.4&Prime; global_colors_info=\u00a0\u00bb{}\u00a0\u00bb button_text_size__hover_enabled=\u00a0\u00bboff\u00a0\u00bb button_one_text_size__hover_enabled=\u00a0\u00bboff\u00a0\u00bb button_two_text_size__hover_enabled=\u00a0\u00bboff\u00a0\u00bb button_text_color__hover_enabled=\u00a0\u00bboff\u00a0\u00bb button_one_text_color__hover_enabled=\u00a0\u00bboff\u00a0\u00bb button_two_text_color__hover_enabled=\u00a0\u00bboff\u00a0\u00bb button_border_width__hover_enabled=\u00a0\u00bboff\u00a0\u00bb button_one_border_width__hover_enabled=\u00a0\u00bboff\u00a0\u00bb button_two_border_width__hover_enabled=\u00a0\u00bboff\u00a0\u00bb button_border_color__hover_enabled=\u00a0\u00bboff\u00a0\u00bb button_one_border_color__hover_enabled=\u00a0\u00bboff\u00a0\u00bb button_two_border_color__hover_enabled=\u00a0\u00bboff\u00a0\u00bb button_border_radius__hover_enabled=\u00a0\u00bboff\u00a0\u00bb button_one_border_radius__hover_enabled=\u00a0\u00bboff\u00a0\u00bb button_two_border_radius__hover_enabled=\u00a0\u00bboff\u00a0\u00bb button_letter_spacing__hover_enabled=\u00a0\u00bboff\u00a0\u00bb button_one_letter_spacing__hover_enabled=\u00a0\u00bboff\u00a0\u00bb button_two_letter_spacing__hover_enabled=\u00a0\u00bboff\u00a0\u00bb button_bg_color__hover_enabled=\u00a0\u00bboff\u00a0\u00bb button_one_bg_color__hover_enabled=\u00a0\u00bboff\u00a0\u00bb button_two_bg_color__hover_enabled=\u00a0\u00bboff\u00a0\u00bb][\/et_pb_contact_field][et_pb_contact_field field_id=\u00a0\u00bbMessage\u00a0\u00bb field_title=\u00a0\u00bbMessage\u00a0\u00bb field_type=\u00a0\u00bbtext\u00a0\u00bb fullwidth_field=\u00a0\u00bbon\u00a0\u00bb _builder_version=\u00a0\u00bb4.16&Prime; global_colors_info=\u00a0\u00bb{}\u00a0\u00bb button_text_size__hover_enabled=\u00a0\u00bboff\u00a0\u00bb button_one_text_size__hover_enabled=\u00a0\u00bboff\u00a0\u00bb button_two_text_size__hover_enabled=\u00a0\u00bboff\u00a0\u00bb button_text_color__hover_enabled=\u00a0\u00bboff\u00a0\u00bb button_one_text_color__hover_enabled=\u00a0\u00bboff\u00a0\u00bb button_two_text_color__hover_enabled=\u00a0\u00bboff\u00a0\u00bb button_border_width__hover_enabled=\u00a0\u00bboff\u00a0\u00bb button_one_border_width__hover_enabled=\u00a0\u00bboff\u00a0\u00bb button_two_border_width__hover_enabled=\u00a0\u00bboff\u00a0\u00bb button_border_color__hover_enabled=\u00a0\u00bboff\u00a0\u00bb button_one_border_color__hover_enabled=\u00a0\u00bboff\u00a0\u00bb button_two_border_color__hover_enabled=\u00a0\u00bboff\u00a0\u00bb button_border_radius__hover_enabled=\u00a0\u00bboff\u00a0\u00bb button_one_border_radius__hover_enabled=\u00a0\u00bboff\u00a0\u00bb button_two_border_radius__hover_enabled=\u00a0\u00bboff\u00a0\u00bb button_letter_spacing__hover_enabled=\u00a0\u00bboff\u00a0\u00bb button_one_letter_spacing__hover_enabled=\u00a0\u00bboff\u00a0\u00bb button_two_letter_spacing__hover_enabled=\u00a0\u00bboff\u00a0\u00bb button_bg_color__hover_enabled=\u00a0\u00bboff\u00a0\u00bb button_one_bg_color__hover_enabled=\u00a0\u00bboff\u00a0\u00bb button_two_bg_color__hover_enabled=\u00a0\u00bboff\u00a0\u00bb][\/et_pb_contact_field][\/et_pb_contact_form][\/et_pb_column][\/et_pb_row][\/et_pb_section]<\/p>\n","protected":false},"excerpt":{"rendered":"<p>Contactez nousinfo@solaria-choeur.be0472\/48.55.050477\/18.60.74Une question ? Une envie ? Une sc\u00e8ne \u00e0 partager ?Que tu souhaites rejoindre le ch\u0153ur, obtenir plus d\u2019informations, ou inviter Solaria \u00e0 chanter lors d\u2019un \u00e9v\u00e9nement, nous serons ravies de te lire. &#8211; Parle-nous de ton projet, de ta salle, de ton id\u00e9e ou simplement de ton envie d\u2019en savoir plus. &#8211; Remplis [&hellip;]<\/p>\n","protected":false},"author":1,"featured_media":355,"parent":0,"menu_order":0,"comment_status":"closed","ping_status":"closed","template":"","meta":{"_et_pb_use_builder":"on","_et_pb_old_content":"<!-- wp:divi\/placeholder \/-->","_et_gb_content_width":"","footnotes":""},"class_list":["post-129","page","type-page","status-publish","has-post-thumbnail","hentry"],"yoast_head":"<!-- This site is optimized with the Yoast SEO plugin v27.6 - https:\/\/yoast.com\/product\/yoast-seo-wordpress\/ -->\n<title>Contact - Solaria - Ch\u0153ur de femmes<\/title>\n<meta name=\"robots\" content=\"index, follow, max-snippet:-1, max-image-preview:large, max-video-preview:-1\" \/>\n<link rel=\"canonical\" href=\"https:\/\/solaria-choeur.be\/index.php\/contact\/\" \/>\n<meta property=\"og:locale\" content=\"fr_FR\" \/>\n<meta property=\"og:type\" content=\"article\" \/>\n<meta property=\"og:title\" content=\"Contact - Solaria - Ch\u0153ur de femmes\" \/>\n<meta property=\"og:description\" content=\"Contactez nousinfo@solaria-choeur.be0472\/48.55.050477\/18.60.74Une question ? Une envie ? Une sc\u00e8ne \u00e0 partager ?Que tu souhaites rejoindre le ch\u0153ur, obtenir plus d\u2019informations, ou inviter Solaria \u00e0 chanter lors d\u2019un \u00e9v\u00e9nement, nous serons ravies de te lire. - Parle-nous de ton projet, de ta salle, de ton id\u00e9e ou simplement de ton envie d\u2019en savoir plus. - Remplis [&hellip;]\" \/>\n<meta property=\"og:url\" content=\"https:\/\/solaria-choeur.be\/index.php\/contact\/\" \/>\n<meta property=\"og:site_name\" content=\"Solaria - Ch\u0153ur de femmes\" \/>\n<meta property=\"article:modified_time\" content=\"2025-06-20T11:52:55+00:00\" \/>\n<meta property=\"og:image\" content=\"https:\/\/solaria-choeur.be\/wp-content\/uploads\/2025\/06\/1-1.webp\" \/>\n\t<meta property=\"og:image:width\" content=\"875\" \/>\n\t<meta property=\"og:image:height\" content=\"875\" \/>\n\t<meta property=\"og:image:type\" content=\"image\/webp\" \/>\n<meta name=\"twitter:card\" content=\"summary_large_image\" \/>\n<meta name=\"twitter:label1\" content=\"Dur\u00e9e de lecture estim\u00e9e\" \/>\n\t<meta name=\"twitter:data1\" content=\"1 minute\" \/>\n<script type=\"application\/ld+json\" class=\"yoast-schema-graph\">{\"@context\":\"https:\\\/\\\/schema.org\",\"@graph\":[{\"@type\":[\"WebPage\",\"ContactPage\"],\"@id\":\"https:\\\/\\\/solaria-choeur.be\\\/index.php\\\/contact\\\/\",\"url\":\"https:\\\/\\\/solaria-choeur.be\\\/index.php\\\/contact\\\/\",\"name\":\"Contact - Solaria - Ch\u0153ur de femmes\",\"isPartOf\":{\"@id\":\"https:\\\/\\\/solaria-choeur.be\\\/#website\"},\"primaryImageOfPage\":{\"@id\":\"https:\\\/\\\/solaria-choeur.be\\\/index.php\\\/contact\\\/#primaryimage\"},\"image\":{\"@id\":\"https:\\\/\\\/solaria-choeur.be\\\/index.php\\\/contact\\\/#primaryimage\"},\"thumbnailUrl\":\"https:\\\/\\\/solaria-choeur.be\\\/wp-content\\\/uploads\\\/2025\\\/06\\\/1-1.webp\",\"datePublished\":\"2025-06-17T08:24:08+00:00\",\"dateModified\":\"2025-06-20T11:52:55+00:00\",\"breadcrumb\":{\"@id\":\"https:\\\/\\\/solaria-choeur.be\\\/index.php\\\/contact\\\/#breadcrumb\"},\"inLanguage\":\"fr-FR\",\"potentialAction\":[{\"@type\":\"ReadAction\",\"target\":[\"https:\\\/\\\/solaria-choeur.be\\\/index.php\\\/contact\\\/\"]}]},{\"@type\":\"ImageObject\",\"inLanguage\":\"fr-FR\",\"@id\":\"https:\\\/\\\/solaria-choeur.be\\\/index.php\\\/contact\\\/#primaryimage\",\"url\":\"https:\\\/\\\/solaria-choeur.be\\\/wp-content\\\/uploads\\\/2025\\\/06\\\/1-1.webp\",\"contentUrl\":\"https:\\\/\\\/solaria-choeur.be\\\/wp-content\\\/uploads\\\/2025\\\/06\\\/1-1.webp\",\"width\":875,\"height\":875},{\"@type\":\"BreadcrumbList\",\"@id\":\"https:\\\/\\\/solaria-choeur.be\\\/index.php\\\/contact\\\/#breadcrumb\",\"itemListElement\":[{\"@type\":\"ListItem\",\"position\":1,\"name\":\"Accueil\",\"item\":\"https:\\\/\\\/solaria-choeur.be\\\/\"},{\"@type\":\"ListItem\",\"position\":2,\"name\":\"Contact\"}]},{\"@type\":\"WebSite\",\"@id\":\"https:\\\/\\\/solaria-choeur.be\\\/#website\",\"url\":\"https:\\\/\\\/solaria-choeur.be\\\/\",\"name\":\"Solaria - Ch\u0153ur de femmes\",\"description\":\"Chorale du Brabant Wallon en Belgique\",\"potentialAction\":[{\"@type\":\"SearchAction\",\"target\":{\"@type\":\"EntryPoint\",\"urlTemplate\":\"https:\\\/\\\/solaria-choeur.be\\\/?s={search_term_string}\"},\"query-input\":{\"@type\":\"PropertyValueSpecification\",\"valueRequired\":true,\"valueName\":\"search_term_string\"}}],\"inLanguage\":\"fr-FR\"}]}<\/script>\n<!-- \/ Yoast SEO plugin. -->","yoast_head_json":{"title":"Contact - Solaria - Ch\u0153ur de femmes","robots":{"index":"index","follow":"follow","max-snippet":"max-snippet:-1","max-image-preview":"max-image-preview:large","max-video-preview":"max-video-preview:-1"},"canonical":"https:\/\/solaria-choeur.be\/index.php\/contact\/","og_locale":"fr_FR","og_type":"article","og_title":"Contact - Solaria - Ch\u0153ur de femmes","og_description":"Contactez nousinfo@solaria-choeur.be0472\/48.55.050477\/18.60.74Une question ? Une envie ? Une sc\u00e8ne \u00e0 partager ?Que tu souhaites rejoindre le ch\u0153ur, obtenir plus d\u2019informations, ou inviter Solaria \u00e0 chanter lors d\u2019un \u00e9v\u00e9nement, nous serons ravies de te lire. - Parle-nous de ton projet, de ta salle, de ton id\u00e9e ou simplement de ton envie d\u2019en savoir plus. - Remplis [&hellip;]","og_url":"https:\/\/solaria-choeur.be\/index.php\/contact\/","og_site_name":"Solaria - Ch\u0153ur de femmes","article_modified_time":"2025-06-20T11:52:55+00:00","og_image":[{"width":875,"height":875,"url":"https:\/\/solaria-choeur.be\/wp-content\/uploads\/2025\/06\/1-1.webp","type":"image\/webp"}],"twitter_card":"summary_large_image","twitter_misc":{"Dur\u00e9e de lecture estim\u00e9e":"1 minute"},"schema":{"@context":"https:\/\/schema.org","@graph":[{"@type":["WebPage","ContactPage"],"@id":"https:\/\/solaria-choeur.be\/index.php\/contact\/","url":"https:\/\/solaria-choeur.be\/index.php\/contact\/","name":"Contact - Solaria - Ch\u0153ur de femmes","isPartOf":{"@id":"https:\/\/solaria-choeur.be\/#website"},"primaryImageOfPage":{"@id":"https:\/\/solaria-choeur.be\/index.php\/contact\/#primaryimage"},"image":{"@id":"https:\/\/solaria-choeur.be\/index.php\/contact\/#primaryimage"},"thumbnailUrl":"https:\/\/solaria-choeur.be\/wp-content\/uploads\/2025\/06\/1-1.webp","datePublished":"2025-06-17T08:24:08+00:00","dateModified":"2025-06-20T11:52:55+00:00","breadcrumb":{"@id":"https:\/\/solaria-choeur.be\/index.php\/contact\/#breadcrumb"},"inLanguage":"fr-FR","potentialAction":[{"@type":"ReadAction","target":["https:\/\/solaria-choeur.be\/index.php\/contact\/"]}]},{"@type":"ImageObject","inLanguage":"fr-FR","@id":"https:\/\/solaria-choeur.be\/index.php\/contact\/#primaryimage","url":"https:\/\/solaria-choeur.be\/wp-content\/uploads\/2025\/06\/1-1.webp","contentUrl":"https:\/\/solaria-choeur.be\/wp-content\/uploads\/2025\/06\/1-1.webp","width":875,"height":875},{"@type":"BreadcrumbList","@id":"https:\/\/solaria-choeur.be\/index.php\/contact\/#breadcrumb","itemListElement":[{"@type":"ListItem","position":1,"name":"Accueil","item":"https:\/\/solaria-choeur.be\/"},{"@type":"ListItem","position":2,"name":"Contact"}]},{"@type":"WebSite","@id":"https:\/\/solaria-choeur.be\/#website","url":"https:\/\/solaria-choeur.be\/","name":"Solaria - Ch\u0153ur de femmes","description":"Chorale du Brabant Wallon en Belgique","potentialAction":[{"@type":"SearchAction","target":{"@type":"EntryPoint","urlTemplate":"https:\/\/solaria-choeur.be\/?s={search_term_string}"},"query-input":{"@type":"PropertyValueSpecification","valueRequired":true,"valueName":"search_term_string"}}],"inLanguage":"fr-FR"}]}},"_links":{"self":[{"href":"https:\/\/solaria-choeur.be\/index.php\/wp-json\/wp\/v2\/pages\/129","targetHints":{"allow":["GET"]}}],"collection":[{"href":"https:\/\/solaria-choeur.be\/index.php\/wp-json\/wp\/v2\/pages"}],"about":[{"href":"https:\/\/solaria-choeur.be\/index.php\/wp-json\/wp\/v2\/types\/page"}],"author":[{"embeddable":true,"href":"https:\/\/solaria-choeur.be\/index.php\/wp-json\/wp\/v2\/users\/1"}],"replies":[{"embeddable":true,"href":"https:\/\/solaria-choeur.be\/index.php\/wp-json\/wp\/v2\/comments?post=129"}],"version-history":[{"count":14,"href":"https:\/\/solaria-choeur.be\/index.php\/wp-json\/wp\/v2\/pages\/129\/revisions"}],"predecessor-version":[{"id":452,"href":"https:\/\/solaria-choeur.be\/index.php\/wp-json\/wp\/v2\/pages\/129\/revisions\/452"}],"wp:featuredmedia":[{"embeddable":true,"href":"https:\/\/solaria-choeur.be\/index.php\/wp-json\/wp\/v2\/media\/355"}],"wp:attachment":[{"href":"https:\/\/solaria-choeur.be\/index.php\/wp-json\/wp\/v2\/media?parent=129"}],"curies":[{"name":"wp","href":"https:\/\/api.w.org\/{rel}","templated":true}]}}