{"id":131,"date":"2025-06-17T08:24:56","date_gmt":"2025-06-17T08:24:56","guid":{"rendered":"https:\/\/solaria-choeur.be\/?page_id=131"},"modified":"2026-03-11T10:51:04","modified_gmt":"2026-03-11T10:51:04","slug":"rejoindre","status":"publish","type":"page","link":"https:\/\/solaria-choeur.be\/index.php\/rejoindre\/","title":{"rendered":"Rejoindre la chorale"},"content":{"rendered":"<p>[et_pb_section fb_built=\u00a0\u00bb1&Prime; admin_label=\u00a0\u00bbHeader\u00a0\u00bb _builder_version=\u00a0\u00bb4.16&Prime; _module_preset=\u00a0\u00bbdefault\u00a0\u00bb use_background_color_gradient=\u00a0\u00bbon\u00a0\u00bb background_color_gradient_stops=\u00a0\u00bb#f24537 0%|#fb6a44 19%|#fb864c 60%|#ffcf4c 100%\u00a0\u00bb global_colors_info=\u00a0\u00bb{%22gcid-abdd1dfe-115d-40b5-9c1d-c1c9635de504%22:%91%93,%22gcid-3f47e762-ddb9-4bcc-9a88-eb1cda6175db%22:%91%93}\u00a0\u00bb][et_pb_row _builder_version=\u00a0\u00bb4.27.4&Prime; _module_preset=\u00a0\u00bbdefault\u00a0\u00bb custom_padding=\u00a0\u00bb||0px||false|false\u00a0\u00bb global_colors_info=\u00a0\u00bb{}\u00a0\u00bb][et_pb_column type=\u00a0\u00bb4_4&Prime; _builder_version=\u00a0\u00bb4.16&Prime; _module_preset=\u00a0\u00bbdefault\u00a0\u00bb global_colors_info=\u00a0\u00bb{}\u00a0\u00bb][et_pb_text _builder_version=\u00a0\u00bb4.27.4&Prime; _module_preset=\u00a0\u00bbd31e2bc2-7099-47ba-9c37-1cdc94e70270&Prime; header_font=\u00a0\u00bbPrata||||||||\u00a0\u00bb header_text_color=\u00a0\u00bb#FFFFFF\u00a0\u00bb header_line_height=\u00a0\u00bb1.1em\u00a0\u00bb position_origin_a=\u00a0\u00bbcenter_left\u00a0\u00bb z_index=\u00a0\u00bb1&Prime; horizontal_offset_tablet=\u00a0\u00bb0px\u00a0\u00bb horizontal_offset_phone=\u00a0\u00bb\u00a0\u00bb horizontal_offset_last_edited=\u00a0\u00bbon|phone\u00a0\u00bb position_origin_a_tablet=\u00a0\u00bbbottom_left\u00a0\u00bb position_origin_a_phone=\u00a0\u00bb\u00a0\u00bb position_origin_a_last_edited=\u00a0\u00bbon|desktop\u00a0\u00bb position_origin_f_tablet=\u00a0\u00bb\u00a0\u00bb position_origin_f_phone=\u00a0\u00bb\u00a0\u00bb position_origin_f_last_edited=\u00a0\u00bbon|desktop\u00a0\u00bb position_origin_r_tablet=\u00a0\u00bb\u00a0\u00bb position_origin_r_phone=\u00a0\u00bb\u00a0\u00bb position_origin_r_last_edited=\u00a0\u00bbon|desktop\u00a0\u00bb max_width=\u00a0\u00bb9580px\u00a0\u00bb header_line_height_tablet=\u00a0\u00bb1.2em\u00a0\u00bb header_line_height_phone=\u00a0\u00bb1.3em\u00a0\u00bb header_line_height_last_edited=\u00a0\u00bbon|desktop\u00a0\u00bb positioning_tablet=\u00a0\u00bb\u00a0\u00bb positioning_phone=\u00a0\u00bb\u00a0\u00bb positioning_last_edited=\u00a0\u00bbon|desktop\u00a0\u00bb locked=\u00a0\u00bboff\u00a0\u00bb global_colors_info=\u00a0\u00bb{}\u00a0\u00bb]<\/p>\n<h1>Envie de rejoindre Solaria?<\/h1>\n<p>[\/et_pb_text][et_pb_image src=\u00a0\u00bbhttps:\/\/solaria-choeur.be\/wp-content\/uploads\/2025\/06\/IMG-20250314-WA0001.webp\u00a0\u00bb title_text=\u00a0\u00bbIMG-20250314-WA0001&Prime; _builder_version=\u00a0\u00bb4.27.4&Prime; _module_preset=\u00a0\u00bbdefault\u00a0\u00bb width=\u00a0\u00bb72%\u00a0\u00bb custom_margin=\u00a0\u00bb||-10vw||false|false\u00a0\u00bb global_colors_info=\u00a0\u00bb{}\u00a0\u00bb][\/et_pb_image][\/et_pb_column][\/et_pb_row][\/et_pb_section][et_pb_section fb_built=\u00a0\u00bb1&Prime; custom_padding_last_edited=\u00a0\u00bboff|desktop\u00a0\u00bb admin_label=\u00a0\u00bbAbout\u00a0\u00bb _builder_version=\u00a0\u00bb4.27.4&Prime; _module_preset=\u00a0\u00bbdefault\u00a0\u00bb background_enable_color=\u00a0\u00bboff\u00a0\u00bb custom_padding=\u00a0\u00bb14vw||||false|false\u00a0\u00bb custom_padding_tablet=\u00a0\u00bb180px||||false|false\u00a0\u00bb custom_padding_phone=\u00a0\u00bb150px||||false|false\u00a0\u00bb global_colors_info=\u00a0\u00bb{%22gcid-abdd1dfe-115d-40b5-9c1d-c1c9635de504%22:%91%93}\u00a0\u00bb][et_pb_row custom_padding_last_edited=\u00a0\u00bbon|tablet\u00a0\u00bb _builder_version=\u00a0\u00bb4.16&Prime; _module_preset=\u00a0\u00bbdefault\u00a0\u00bb custom_margin=\u00a0\u00bb||||false|false\u00a0\u00bb custom_padding=\u00a0\u00bb|||25%|false|false\u00a0\u00bb custom_padding_tablet=\u00a0\u00bb|||0%|false|false\u00a0\u00bb custom_padding_phone=\u00a0\u00bb\u00a0\u00bb global_colors_info=\u00a0\u00bb{}\u00a0\u00bb][et_pb_column type=\u00a0\u00bb4_4&Prime; _builder_version=\u00a0\u00bb4.16&Prime; _module_preset=\u00a0\u00bbdefault\u00a0\u00bb global_colors_info=\u00a0\u00bb{}\u00a0\u00bb][et_pb_text _builder_version=\u00a0\u00bb4.27.4&Prime; _module_preset=\u00a0\u00bb90865f4d-2cce-42a7-b40e-d3fbad25605a\u00a0\u00bb header_2_line_height=\u00a0\u00bb1.4em\u00a0\u00bb header_3_font_size=\u00a0\u00bb25px\u00a0\u00bb max_width=\u00a0\u00bb700px\u00a0\u00bb module_alignment=\u00a0\u00bbcenter\u00a0\u00bb header_2_font_size_phone=\u00a0\u00bb30px\u00a0\u00bb locked=\u00a0\u00bboff\u00a0\u00bb global_colors_info=\u00a0\u00bb{%22gcid-3f47e762-ddb9-4bcc-9a88-eb1cda6175db%22:%91%93}\u00a0\u00bb]<\/p>\n<h2><strong data-start=\"355\" data-end=\"366\">Solaria<\/strong> accueille chaque ann\u00e9e de nouvelles chanteuses, <span style=\"text-decoration: underline;\">sur audition<\/span>, pour faire grandir son cercle de voix et de lumi\u00e8re.<\/h2>\n<p>[\/et_pb_text][et_pb_image src=\u00a0\u00bbhttps:\/\/solaria-choeur.be\/wp-content\/uploads\/2025\/06\/event-space-03.png\u00a0\u00bb title_text=\u00a0\u00bbevent-space-03&Prime; align=\u00a0\u00bbright\u00a0\u00bb _builder_version=\u00a0\u00bb4.27.4&Prime; _module_preset=\u00a0\u00bbdefault\u00a0\u00bb custom_margin=\u00a0\u00bb||50px||false|false\u00a0\u00bb locked=\u00a0\u00bboff\u00a0\u00bb global_colors_info=\u00a0\u00bb{}\u00a0\u00bb][\/et_pb_image][et_pb_text _builder_version=\u00a0\u00bb4.27.4&Prime; _module_preset=\u00a0\u00bbda86b6f0-f83c-4c7c-bdd8-3019777ddffe\u00a0\u00bb header_2_line_height=\u00a0\u00bb1.4em\u00a0\u00bb header_3_font_size=\u00a0\u00bb25px\u00a0\u00bb header_3_line_height=\u00a0\u00bb1.2em\u00a0\u00bb max_width=\u00a0\u00bb700px\u00a0\u00bb module_alignment=\u00a0\u00bbcenter\u00a0\u00bb global_colors_info=\u00a0\u00bb{%22gcid-3f47e762-ddb9-4bcc-9a88-eb1cda6175db%22:%91%93}\u00a0\u00bb]<\/p>\n<h3>Tu aimes chanter, tu cherches un ch\u0153ur f\u00e9minin o\u00f9 vibrer, progresser et t\u2019\u00e9panouir dans une ambiance bienveillante et passionn\u00e9e ?<\/h3>\n<p style=\"text-align: left;\"><strong><span style=\"text-decoration: underline;\">R\u00e9p\u00e9titions :<\/span><\/strong><\/p>\n<ul>\n<li style=\"text-align: left;\">QUAND : les jeudis de 20h \u00e0 22h (environ 2x\/mois)<\/li>\n<li style=\"text-align: left;\">LIEU : Leuze la plupart du temps (normalement \u00e0 l\u2019\u00e9glise)\u00a0<\/li>\n<li style=\"text-align: left;\">COTISATION : annuelle<\/li>\n<\/ul>\n<p>&nbsp;<\/p>\n<p>Plus qu\u2019un simple ch\u0153ur, Solaria est un <strong data-start=\"480\" data-end=\"518\">cercle de sororit\u00e9 et d\u2019engagement<\/strong> :<br data-start=\"520\" data-end=\"523\" \/>\u00eatre pr\u00e9sente aux r\u00e9p\u00e9titions, respecter le rythme du groupe, cultiver l\u2019\u00e9coute, la r\u00e9gularit\u00e9 et la bienveillance font partie int\u00e9grante de notre d\u00e9marche.<\/p>\n<p>[\/et_pb_text][et_pb_button button_url=\u00a0\u00bbmailto:info@solaria-choeur.be\u00a0\u00bb url_new_window=\u00a0\u00bbon\u00a0\u00bb button_text=\u00a0\u00bbObtenir + d&rsquo;infos en envoyant un mail \u00e0 info@solaria-choeur.be\u00a0\u00bb button_alignment=\u00a0\u00bbcenter\u00a0\u00bb _builder_version=\u00a0\u00bb4.27.6&Prime; _module_preset=\u00a0\u00bb81d2c217-0089-4557-a51f-b248307d4b24&Prime; custom_button=\u00a0\u00bbon\u00a0\u00bb button_text_size=\u00a0\u00bb12px\u00a0\u00bb button_text_color=\u00a0\u00bb#FFFFFF\u00a0\u00bb button_bg_color=\u00a0\u00bb#533C76&Prime; button_border_width=\u00a0\u00bb0px\u00a0\u00bb button_border_radius=\u00a0\u00bb0px\u00a0\u00bb button_letter_spacing=\u00a0\u00bb2px\u00a0\u00bb button_font=\u00a0\u00bbPrata|||on|||||\u00a0\u00bb custom_padding=\u00a0\u00bb16px|24px|16px|24px|true|true\u00a0\u00bb hover_enabled=\u00a0\u00bb0&Prime; global_colors_info=\u00a0\u00bb{}\u00a0\u00bb sticky_enabled=\u00a0\u00bb0&Prime;][\/et_pb_button][\/et_pb_column][\/et_pb_row][\/et_pb_section]<\/p>\n","protected":false},"excerpt":{"rendered":"<p>Envie de rejoindre Solaria?Solaria accueille chaque ann\u00e9e de nouvelles chanteuses, sur audition, pour faire grandir son cercle de voix et de lumi\u00e8re.Tu aimes chanter, tu cherches un ch\u0153ur f\u00e9minin o\u00f9 vibrer, progresser et t\u2019\u00e9panouir dans une ambiance bienveillante et passionn\u00e9e ? R\u00e9p\u00e9titions : QUAND : les jeudis de 20h \u00e0 22h (environ 2x\/mois) LIEU : [&hellip;]<\/p>\n","protected":false},"author":1,"featured_media":355,"parent":0,"menu_order":0,"comment_status":"closed","ping_status":"closed","template":"","meta":{"_et_pb_use_builder":"on","_et_pb_old_content":"<!-- wp:divi\/placeholder \/-->","_et_gb_content_width":"","footnotes":""},"class_list":["post-131","page","type-page","status-publish","has-post-thumbnail","hentry"],"yoast_head":"<!-- This site is optimized with the Yoast SEO plugin v27.6 - https:\/\/yoast.com\/product\/yoast-seo-wordpress\/ -->\n<title>Rejoindre la chorale - Solaria - Ch\u0153ur de femmes<\/title>\n<meta name=\"robots\" content=\"index, follow, max-snippet:-1, max-image-preview:large, max-video-preview:-1\" \/>\n<link rel=\"canonical\" href=\"https:\/\/solaria-choeur.be\/index.php\/rejoindre\/\" \/>\n<meta property=\"og:locale\" content=\"fr_FR\" \/>\n<meta property=\"og:type\" content=\"article\" \/>\n<meta property=\"og:title\" content=\"Rejoindre la chorale - Solaria - Ch\u0153ur de femmes\" \/>\n<meta property=\"og:description\" content=\"Envie de rejoindre Solaria?Solaria accueille chaque ann\u00e9e de nouvelles chanteuses, sur audition, pour faire grandir son cercle de voix et de lumi\u00e8re.Tu aimes chanter, tu cherches un ch\u0153ur f\u00e9minin o\u00f9 vibrer, progresser et t\u2019\u00e9panouir dans une ambiance bienveillante et passionn\u00e9e ? R\u00e9p\u00e9titions : QUAND : les jeudis de 20h \u00e0 22h (environ 2x\/mois) LIEU : [&hellip;]\" \/>\n<meta property=\"og:url\" content=\"https:\/\/solaria-choeur.be\/index.php\/rejoindre\/\" \/>\n<meta property=\"og:site_name\" content=\"Solaria - Ch\u0153ur de femmes\" \/>\n<meta property=\"article:modified_time\" content=\"2026-03-11T10:51:04+00:00\" \/>\n<meta property=\"og:image\" content=\"https:\/\/solaria-choeur.be\/wp-content\/uploads\/2025\/06\/1-1.webp\" \/>\n\t<meta property=\"og:image:width\" content=\"875\" \/>\n\t<meta property=\"og:image:height\" content=\"875\" \/>\n\t<meta property=\"og:image:type\" content=\"image\/webp\" \/>\n<meta name=\"twitter:card\" content=\"summary_large_image\" \/>\n<meta name=\"twitter:label1\" content=\"Dur\u00e9e de lecture estim\u00e9e\" \/>\n\t<meta name=\"twitter:data1\" content=\"2 minutes\" \/>\n<script type=\"application\/ld+json\" class=\"yoast-schema-graph\">{\"@context\":\"https:\\\/\\\/schema.org\",\"@graph\":[{\"@type\":\"WebPage\",\"@id\":\"https:\\\/\\\/solaria-choeur.be\\\/index.php\\\/rejoindre\\\/\",\"url\":\"https:\\\/\\\/solaria-choeur.be\\\/index.php\\\/rejoindre\\\/\",\"name\":\"Rejoindre la chorale - Solaria - Ch\u0153ur de femmes\",\"isPartOf\":{\"@id\":\"https:\\\/\\\/solaria-choeur.be\\\/#website\"},\"primaryImageOfPage\":{\"@id\":\"https:\\\/\\\/solaria-choeur.be\\\/index.php\\\/rejoindre\\\/#primaryimage\"},\"image\":{\"@id\":\"https:\\\/\\\/solaria-choeur.be\\\/index.php\\\/rejoindre\\\/#primaryimage\"},\"thumbnailUrl\":\"https:\\\/\\\/solaria-choeur.be\\\/wp-content\\\/uploads\\\/2025\\\/06\\\/1-1.webp\",\"datePublished\":\"2025-06-17T08:24:56+00:00\",\"dateModified\":\"2026-03-11T10:51:04+00:00\",\"breadcrumb\":{\"@id\":\"https:\\\/\\\/solaria-choeur.be\\\/index.php\\\/rejoindre\\\/#breadcrumb\"},\"inLanguage\":\"fr-FR\",\"potentialAction\":[{\"@type\":\"ReadAction\",\"target\":[\"https:\\\/\\\/solaria-choeur.be\\\/index.php\\\/rejoindre\\\/\"]}]},{\"@type\":\"ImageObject\",\"inLanguage\":\"fr-FR\",\"@id\":\"https:\\\/\\\/solaria-choeur.be\\\/index.php\\\/rejoindre\\\/#primaryimage\",\"url\":\"https:\\\/\\\/solaria-choeur.be\\\/wp-content\\\/uploads\\\/2025\\\/06\\\/1-1.webp\",\"contentUrl\":\"https:\\\/\\\/solaria-choeur.be\\\/wp-content\\\/uploads\\\/2025\\\/06\\\/1-1.webp\",\"width\":875,\"height\":875},{\"@type\":\"BreadcrumbList\",\"@id\":\"https:\\\/\\\/solaria-choeur.be\\\/index.php\\\/rejoindre\\\/#breadcrumb\",\"itemListElement\":[{\"@type\":\"ListItem\",\"position\":1,\"name\":\"Accueil\",\"item\":\"https:\\\/\\\/solaria-choeur.be\\\/\"},{\"@type\":\"ListItem\",\"position\":2,\"name\":\"Rejoindre la chorale\"}]},{\"@type\":\"WebSite\",\"@id\":\"https:\\\/\\\/solaria-choeur.be\\\/#website\",\"url\":\"https:\\\/\\\/solaria-choeur.be\\\/\",\"name\":\"Solaria - Ch\u0153ur de femmes\",\"description\":\"Chorale du Brabant Wallon en Belgique\",\"potentialAction\":[{\"@type\":\"SearchAction\",\"target\":{\"@type\":\"EntryPoint\",\"urlTemplate\":\"https:\\\/\\\/solaria-choeur.be\\\/?s={search_term_string}\"},\"query-input\":{\"@type\":\"PropertyValueSpecification\",\"valueRequired\":true,\"valueName\":\"search_term_string\"}}],\"inLanguage\":\"fr-FR\"}]}<\/script>\n<!-- \/ Yoast SEO plugin. -->","yoast_head_json":{"title":"Rejoindre la chorale - Solaria - Ch\u0153ur de femmes","robots":{"index":"index","follow":"follow","max-snippet":"max-snippet:-1","max-image-preview":"max-image-preview:large","max-video-preview":"max-video-preview:-1"},"canonical":"https:\/\/solaria-choeur.be\/index.php\/rejoindre\/","og_locale":"fr_FR","og_type":"article","og_title":"Rejoindre la chorale - Solaria - Ch\u0153ur de femmes","og_description":"Envie de rejoindre Solaria?Solaria accueille chaque ann\u00e9e de nouvelles chanteuses, sur audition, pour faire grandir son cercle de voix et de lumi\u00e8re.Tu aimes chanter, tu cherches un ch\u0153ur f\u00e9minin o\u00f9 vibrer, progresser et t\u2019\u00e9panouir dans une ambiance bienveillante et passionn\u00e9e ? R\u00e9p\u00e9titions : QUAND : les jeudis de 20h \u00e0 22h (environ 2x\/mois) LIEU : [&hellip;]","og_url":"https:\/\/solaria-choeur.be\/index.php\/rejoindre\/","og_site_name":"Solaria - Ch\u0153ur de femmes","article_modified_time":"2026-03-11T10:51:04+00:00","og_image":[{"width":875,"height":875,"url":"https:\/\/solaria-choeur.be\/wp-content\/uploads\/2025\/06\/1-1.webp","type":"image\/webp"}],"twitter_card":"summary_large_image","twitter_misc":{"Dur\u00e9e de lecture estim\u00e9e":"2 minutes"},"schema":{"@context":"https:\/\/schema.org","@graph":[{"@type":"WebPage","@id":"https:\/\/solaria-choeur.be\/index.php\/rejoindre\/","url":"https:\/\/solaria-choeur.be\/index.php\/rejoindre\/","name":"Rejoindre la chorale - Solaria - Ch\u0153ur de femmes","isPartOf":{"@id":"https:\/\/solaria-choeur.be\/#website"},"primaryImageOfPage":{"@id":"https:\/\/solaria-choeur.be\/index.php\/rejoindre\/#primaryimage"},"image":{"@id":"https:\/\/solaria-choeur.be\/index.php\/rejoindre\/#primaryimage"},"thumbnailUrl":"https:\/\/solaria-choeur.be\/wp-content\/uploads\/2025\/06\/1-1.webp","datePublished":"2025-06-17T08:24:56+00:00","dateModified":"2026-03-11T10:51:04+00:00","breadcrumb":{"@id":"https:\/\/solaria-choeur.be\/index.php\/rejoindre\/#breadcrumb"},"inLanguage":"fr-FR","potentialAction":[{"@type":"ReadAction","target":["https:\/\/solaria-choeur.be\/index.php\/rejoindre\/"]}]},{"@type":"ImageObject","inLanguage":"fr-FR","@id":"https:\/\/solaria-choeur.be\/index.php\/rejoindre\/#primaryimage","url":"https:\/\/solaria-choeur.be\/wp-content\/uploads\/2025\/06\/1-1.webp","contentUrl":"https:\/\/solaria-choeur.be\/wp-content\/uploads\/2025\/06\/1-1.webp","width":875,"height":875},{"@type":"BreadcrumbList","@id":"https:\/\/solaria-choeur.be\/index.php\/rejoindre\/#breadcrumb","itemListElement":[{"@type":"ListItem","position":1,"name":"Accueil","item":"https:\/\/solaria-choeur.be\/"},{"@type":"ListItem","position":2,"name":"Rejoindre la chorale"}]},{"@type":"WebSite","@id":"https:\/\/solaria-choeur.be\/#website","url":"https:\/\/solaria-choeur.be\/","name":"Solaria - Ch\u0153ur de femmes","description":"Chorale du Brabant Wallon en Belgique","potentialAction":[{"@type":"SearchAction","target":{"@type":"EntryPoint","urlTemplate":"https:\/\/solaria-choeur.be\/?s={search_term_string}"},"query-input":{"@type":"PropertyValueSpecification","valueRequired":true,"valueName":"search_term_string"}}],"inLanguage":"fr-FR"}]}},"_links":{"self":[{"href":"https:\/\/solaria-choeur.be\/index.php\/wp-json\/wp\/v2\/pages\/131","targetHints":{"allow":["GET"]}}],"collection":[{"href":"https:\/\/solaria-choeur.be\/index.php\/wp-json\/wp\/v2\/pages"}],"about":[{"href":"https:\/\/solaria-choeur.be\/index.php\/wp-json\/wp\/v2\/types\/page"}],"author":[{"embeddable":true,"href":"https:\/\/solaria-choeur.be\/index.php\/wp-json\/wp\/v2\/users\/1"}],"replies":[{"embeddable":true,"href":"https:\/\/solaria-choeur.be\/index.php\/wp-json\/wp\/v2\/comments?post=131"}],"version-history":[{"count":10,"href":"https:\/\/solaria-choeur.be\/index.php\/wp-json\/wp\/v2\/pages\/131\/revisions"}],"predecessor-version":[{"id":471,"href":"https:\/\/solaria-choeur.be\/index.php\/wp-json\/wp\/v2\/pages\/131\/revisions\/471"}],"wp:featuredmedia":[{"embeddable":true,"href":"https:\/\/solaria-choeur.be\/index.php\/wp-json\/wp\/v2\/media\/355"}],"wp:attachment":[{"href":"https:\/\/solaria-choeur.be\/index.php\/wp-json\/wp\/v2\/media?parent=131"}],"curies":[{"name":"wp","href":"https:\/\/api.w.org\/{rel}","templated":true}]}}